{"id":151,"date":"2024-09-14T19:30:58","date_gmt":"2024-09-14T18:30:58","guid":{"rendered":"http:\/\/crehange-country-dance.fr\/?page_id=151"},"modified":"2026-03-17T14:50:28","modified_gmt":"2026-03-17T13:50:28","slug":"programme-des-adultes","status":"publish","type":"page","link":"https:\/\/crehange-country-dance.fr\/?page_id=151","title":{"rendered":"Programme adultes"},"content":{"rendered":"<div class=\"pf-content\"><div style=\"background-repeat: no-repeat;\"><div align=\"center\"><strong>Programme 2025-2026<\/strong><\/div>\n<p>Cliquez sur le nom de la danse pour acc\u00e9der \u00e0 la vid\u00e9o et sur \u00ab\u00a0Chor\u00e9graphie\u00a0\u00bb pour afficher les explications au format PDF.<\/p>\n<div align=\"center\">\n<table border=\"0\" width=\"90%\">\n<tbody>\n<tr>\n<td colspan=\"2\">\n<div align=\"center\"><strong>Chor\u00e9graphies 1\u00e8re heure<\/strong><\/div>\n<div align=\"center\">&#8212;&#8212;&#8212;&#8212;&#8212;&#8212;&#8212;&#8212;&#8212;&#8212;&#8212;&#8211;<\/div>\n<\/td>\n<td colspan=\"2\">\n<div align=\"center\"><strong>Chor\u00e9graphies 2\u00e8me heure<\/strong><\/div>\n<div align=\"center\">&#8212;&#8212;&#8212;&#8212;&#8212;&#8212;&#8212;&#8212;&#8212;&#8212;&#8212;&#8211;<\/div>\n<\/td>\n<\/tr>\n<tr>\n<td width=\"30%\">1. <a href=\"https:\/\/www.youtube.com\/watch?v=d-lVVZSmgdY\" target=\"_blank\" rel=\"noopener\">Hope<\/a><\/td>\n<td width=\"20%\"><a href=\"http:\/\/crehange-country-dance.fr\/wp-content\/uploads\/2025\/09\/Hope-debutant.pdf\" target=\"_blank\" rel=\"noopener\">Chor\u00e9graphie<\/a><\/td>\n<td width=\"30%\">1. <a href=\"https:\/\/www.youtube.com\/watch?v=OGOm0W4mkNo\" target=\"_blank\" rel=\"noopener\">Dancing all the way<\/a><\/td>\n<td width=\"20%\"><a href=\"http:\/\/crehange-country-dance.fr\/wp-content\/uploads\/2025\/09\/Dancing-all-the-way-novice.pdf\" target=\"_blank\" rel=\"noopener\">Chor\u00e9graphie<\/a><\/td>\n<\/tr>\n<tr>\n<td>2. <a href=\"https:\/\/www.youtube.com\/watch?v=xwQ6CYfdQFE\" target=\"_blank\" rel=\"noopener\">Small Town Girl<\/a><\/td>\n<td><a href=\"http:\/\/crehange-country-dance.fr\/wp-content\/uploads\/2025\/10\/Small-town-girl-debutant.pdf\" target=\"_blank\" rel=\"noopener\">Chor\u00e9graphie<\/a><\/td>\n<td>2. <a href=\"https:\/\/www.youtube.com\/watch?v=v0QGT0FQtkE\" target=\"_blank\" rel=\"noopener\">Trois\u00a0Tequila Floor (cours)<\/a><\/td>\n<td><a href=\"http:\/\/crehange-country-dance.fr\/wp-content\/uploads\/2025\/10\/3-Tequila-floor-intermediaire.pdf\" target=\"_blank\" rel=\"noopener\">Chor\u00e9graphie<\/a><\/td>\n<\/tr>\n<tr>\n<td>3. <a href=\"https:\/\/www.youtube.com\/watch?v=HGjaOlmUswc\" target=\"_blank\" rel=\"noopener\">Cri cri<\/a><\/td>\n<td><a href=\"http:\/\/crehange-country-dance.fr\/wp-content\/uploads\/2025\/11\/Cri-cri-debutant.pdf\" target=\"_blank\" rel=\"noopener\">Chor\u00e9graphie<\/a><\/td>\n<td>3. <a href=\"https:\/\/www.youtube.com\/watch?v=SqpRNIetFZ0\" target=\"_blank\" rel=\"noopener\">Trois tequila Floor<\/a><\/td>\n<td><a href=\"http:\/\/crehange-country-dance.fr\/wp-content\/uploads\/2025\/10\/3-Tequila-floor-intermediaire.pdf\" target=\"_blank\" rel=\"noopener\">Chor\u00e9graphie<\/a><\/td>\n<\/tr>\n<tr>\n<td>4. <a href=\"https:\/\/www.youtube.com\/watch?v=2x7iL3OKY8s\" target=\"_blank\" rel=\"noopener\">Keep the dream alive<\/a><\/td>\n<td><a href=\"http:\/\/crehange-country-dance.fr\/wp-content\/uploads\/2025\/11\/Keep-the-dream-alive-debutant.pdf\" target=\"_blank\" rel=\"noopener\">Chor\u00e9graphie<\/a><\/td>\n<td>4. <a href=\"https:\/\/www.youtube.com\/watch?v=PzMXeOJCzyA\" target=\"_blank\" rel=\"noopener\">Unhealthy (cours)<\/a><\/td>\n<td><a href=\"http:\/\/crehange-country-dance.fr\/wp-content\/uploads\/2025\/11\/Unhealthy-novice.pdf\" target=\"_blank\" rel=\"noopener\">Chor\u00e9graphie<\/a><\/td>\n<\/tr>\n<tr>\n<td>5. <a href=\"https:\/\/www.youtube.com\/watch?v=Yr4s5df_Xvc&amp;list=RDYr4s5df_Xvc&amp;start_radio=1\" target=\"_blank\" rel=\"noopener\">Austin<\/a><\/td>\n<td><a href=\"http:\/\/crehange-country-dance.fr\/wp-content\/uploads\/2025\/11\/Austin-debutant.pdf\" target=\"_blank\" rel=\"noopener\">Chor\u00e9graphie<\/a><\/td>\n<td>5. <a href=\"https:\/\/www.youtube.com\/watch?v=jCK-Q8sy-v4\" target=\"_blank\" rel=\"noopener\">Unhealthy<\/a><\/td>\n<td><a href=\"http:\/\/crehange-country-dance.fr\/wp-content\/uploads\/2025\/11\/Unhealthy-novice.pdf\" target=\"_blank\" rel=\"noopener\">Chor\u00e9graphie<\/a><\/td>\n<\/tr>\n<tr>\n<td width=\"25%\">6. <a href=\"https:\/\/www.youtube.com\/watch?v=1-yRleMS8GM\" target=\"_blank\" rel=\"noopener\">Vieni al mare<\/a><\/td>\n<td width=\"25%\"><a href=\"http:\/\/crehange-country-dance.fr\/wp-content\/uploads\/2025\/11\/Vieni-al-mare-debutant.pdf\" target=\"_blank\" rel=\"noopener\">Chor\u00e9graphie<\/a><\/td>\n<td width=\"25%\">6. <a href=\"https:\/\/www.youtube.com\/watch?v=sZGB64aXCpE\" target=\"_blank\" rel=\"noopener\">Right girl wrong time<\/a><\/td>\n<td width=\"25%\"><a href=\"http:\/\/crehange-country-dance.fr\/wp-content\/uploads\/2025\/11\/Right-girl-wrong-time-intermediaire.pdf\" target=\"_blank\" rel=\"noopener\">Chor\u00e9graphie<\/a><\/td>\n<\/tr>\n<tr>\n<td width=\"25%\">7. <a href=\"https:\/\/www.youtube.com\/watch?v=lPkpTTDnC4c\" target=\"_blank\" rel=\"noopener\">Going Blonde<\/a><\/td>\n<td width=\"25%\"><a href=\"http:\/\/crehange-country-dance.fr\/wp-content\/uploads\/2025\/12\/Going-blonde-debutant.pdf\" target=\"_blank\" rel=\"noopener\">Chor\u00e9graphie<\/a><\/td>\n<td width=\"25%\">7. <a href=\"https:\/\/www.youtube.com\/watch?v=eJdb7MJv1UM\" target=\"_blank\" rel=\"noopener\">Luke&rsquo;s lovin&rsquo;<\/a><\/td>\n<td width=\"25%\"><a href=\"http:\/\/crehange-country-dance.fr\/wp-content\/uploads\/2025\/11\/Lukes-Lovin-improver.pdf\" target=\"_blank\" rel=\"noopener\">Chor\u00e9graphie<\/a><\/td>\n<\/tr>\n<tr>\n<td width=\"25%\">8. <a href=\"https:\/\/www.youtube.com\/watch?v=HUisLIEDbos\" target=\"_blank\" rel=\"noopener\">Hoedown (cours)<\/a><\/td>\n<td width=\"25%\"><a href=\"http:\/\/crehange-country-dance.fr\/wp-content\/uploads\/2026\/02\/Hoedown-debutant.pdf\" target=\"_blank\" rel=\"noopener\">Chor\u00e9graphie<\/a><\/td>\n<td width=\"25%\">8. <a href=\"https:\/\/www.youtube.com\/watch?v=BRjnTn5CK9Y\" target=\"_blank\" rel=\"noopener\">Right on time (1)<\/a><\/td>\n<td width=\"25%\"><a href=\"http:\/\/crehange-country-dance.fr\/wp-content\/uploads\/2025\/12\/Right-on-time-intermediaire.pdf\" target=\"_blank\" rel=\"noopener\">Chor\u00e9graphie<\/a><\/td>\n<\/tr>\n<tr>\n<td width=\"25%\">9. <a href=\"https:\/\/www.youtube.com\/watch?v=8JlQrLfan3E&amp;t=185s\" target=\"_blank\" rel=\"noopener\">Hoedown<\/a><\/td>\n<td width=\"25%\"><a href=\"http:\/\/crehange-country-dance.fr\/wp-content\/uploads\/2026\/02\/Hoedown-debutant.pdf\" target=\"_blank\" rel=\"noopener\">Chor\u00e9graphie<\/a><\/td>\n<td width=\"25%\">9. <a href=\"https:\/\/www.youtube.com\/watch?v=kI9z9e_i3AE\" target=\"_blank\" rel=\"noopener\">Right on time (2)<\/a><\/td>\n<td width=\"25%\"><a href=\"http:\/\/crehange-country-dance.fr\/wp-content\/uploads\/2025\/12\/Right-on-time-intermediaire.pdf\" target=\"_blank\" rel=\"noopener\">Chor\u00e9graphie<\/a><\/td>\n<\/tr>\n<tr>\n<td width=\"25%\">10. <a href=\"https:\/\/www.youtube.com\/watch?v=rnAXd-cjXzs\" target=\"_blank\" rel=\"noopener\">Silverado Si Do (cours)<\/a><\/td>\n<td width=\"25%\"><a href=\"http:\/\/crehange-country-dance.fr\/wp-content\/uploads\/2026\/02\/Silverado-si-do-debutant.pdf\" target=\"_blank\" rel=\"noopener\">Chor\u00e9grphie<\/a><\/td>\n<td width=\"25%\">10. <a href=\"https:\/\/www.youtube.com\/watch?v=gnod1xcaalg\" target=\"_blank\" rel=\"noopener\">Something you love (cours)<\/a><\/td>\n<td width=\"25%\"><a href=\"http:\/\/crehange-country-dance.fr\/wp-content\/uploads\/2026\/02\/Something-you-love-Novice.pdf\" target=\"_blank\" rel=\"noopener\">Chor\u00e9graphie<\/a><\/td>\n<\/tr>\n<tr>\n<td width=\"25%\">11. <a href=\"https:\/\/www.youtube.com\/watch?v=SWzpNhJG9KI\" target=\"_blank\" rel=\"noopener\">Silverado Si Do\u00a0<\/a><\/td>\n<td width=\"25%\"><a href=\"http:\/\/crehange-country-dance.fr\/wp-content\/uploads\/2026\/02\/Silverado-si-do-debutant.pdf\" target=\"_blank\" rel=\"noopener\">Chor\u00e9graphie<\/a><\/td>\n<td width=\"25%\">11. <a href=\"https:\/\/www.youtube.com\/watch?v=gZHvCv3Zbpc\" target=\"_blank\" rel=\"noopener\">Something you love<\/a><\/td>\n<td width=\"25%\"><a href=\"http:\/\/crehange-country-dance.fr\/wp-content\/uploads\/2026\/02\/Something-you-love-Novice.pdf\" target=\"_blank\" rel=\"noopener\">Chor\u00e9graphie<\/a><\/td>\n<\/tr>\n<tr>\n<td width=\"25%\">12. <a href=\"https:\/\/www.youtube.com\/watch?v=Hr8u0SsKMus\" target=\"_blank\" rel=\"noopener\">Country Tightrope (cours)<\/a><\/td>\n<td width=\"25%\"><a href=\"http:\/\/crehange-country-dance.fr\/wp-content\/uploads\/2026\/03\/Country-Tightrope-debutant.pdf\" target=\"_blank\" rel=\"noopener\">Chor\u00e9graphie<\/a><\/td>\n<td width=\"25%\">12. <a href=\"https:\/\/www.youtube.com\/watch?v=TstC2XlHTvA&amp;list=RDTstC2XlHTvA&amp;start_radio=1\" target=\"_blank\" rel=\"noopener\">Who I am<\/a><\/td>\n<td width=\"25%\"><a href=\"http:\/\/crehange-country-dance.fr\/wp-content\/uploads\/2026\/03\/Who-I-am-novice.pdf\" target=\"_blank\" rel=\"noopener\">Chor\u00e9graphie<\/a><\/td>\n<\/tr>\n<tr>\n<td width=\"25%\">13. <a href=\"https:\/\/www.youtube.com\/watch?v=Bnf307EjqBg\" target=\"_blank\" rel=\"noopener\">Country Tightrope (d\u00e9mo)<\/a><\/td>\n<td width=\"25%\"><a href=\"http:\/\/crehange-country-dance.fr\/wp-content\/uploads\/2026\/03\/Country-Tightrope-debutant.pdf\" target=\"_blank\" rel=\"noopener\">Chor\u00e9graphie<\/a><\/td>\n<td width=\"25%\">13. <a href=\"https:\/\/www.youtube.com\/watch?v=Uh3cyr5bbx8\" target=\"_blank\" rel=\"noopener\">Whithout (cours)<\/a><\/td>\n<td width=\"25%\"><a href=\"http:\/\/crehange-country-dance.fr\/wp-content\/uploads\/2026\/03\/Without-me-intermediaire.pdf\" target=\"_blank\" rel=\"noopener\">Chor\u00e9graphie<\/a><\/td>\n<\/tr>\n<tr>\n<td width=\"25%\">14. <a href=\"https:\/\/www.youtube.com\/watch?v=7Rfe-8yXPe4\" target=\"_blank\" rel=\"noopener\">Claymore Shuffle<\/a><\/td>\n<td width=\"25%\"><a href=\"http:\/\/crehange-country-dance.fr\/wp-content\/uploads\/2026\/03\/Claymore-Shuffle-debutant.pdf\" target=\"_blank\" rel=\"noopener\">Chor\u00e9graphie<\/a><\/td>\n<td width=\"25%\">14. <a href=\"https:\/\/www.youtube.com\/watch?v=1x38sTGIlpo\" target=\"_blank\" rel=\"noopener\">Whithout (d\u00e9mo)<\/a><\/td>\n<td width=\"25%\"><a href=\"http:\/\/crehange-country-dance.fr\/wp-content\/uploads\/2026\/03\/Without-me-intermediaire.pdf\" target=\"_blank\" rel=\"noopener\">Chor\u00e9graphie<\/a><\/td>\n<\/tr>\n<tr>\n<td width=\"25%\">15.<\/td>\n<td width=\"25%\"><\/td>\n<td width=\"25%\">15.<\/td>\n<td width=\"25%\"><\/td>\n<\/tr>\n<tr>\n<td width=\"25%\">16.<\/td>\n<td width=\"25%\"><\/td>\n<td width=\"25%\">16.<\/td>\n<td width=\"25%\"><\/td>\n<\/tr>\n<tr>\n<td width=\"25%\">17.<\/td>\n<td width=\"25%\"><\/td>\n<td width=\"25%\">17.<\/td>\n<td width=\"25%\"><\/td>\n<\/tr>\n<tr>\n<td width=\"25%\">18.<\/td>\n<td width=\"25%\"><\/td>\n<td width=\"25%\">18.<\/td>\n<td width=\"25%\"><\/td>\n<\/tr>\n<\/tbody>\n<\/table>\n<hr \/>\n<p style=\"text-align: left;\">Pour revoir le programme 2024-2025<br \/>\n&#8211;&gt; <a href=\"https:\/\/crehange-country-dance.fr\/?p=1845\" target=\"_blank\" rel=\"noopener\">Cliquez ICI<\/a><\/p>\n<hr \/>\n<p style=\"text-align: left;\">Pour revoir le programme 2023-2024<br \/>\n&#8211;&gt; <a href=\"http:\/\/crehange-country-dance.fr\/?p=1747\" target=\"_blank\" rel=\"noopener\">Cliquez ICI<\/a><\/p>\n<hr \/>\n<p style=\"text-align: left;\">Pour revoir le programme 2022-2023<br \/>\n&#8211;&gt; <a href=\"http:\/\/crehange-country-dance.fr\/?p=1628\" target=\"_blank\" rel=\"noopener\">Cliquez ICI<\/a><\/p>\n<hr \/>\n<p style=\"text-align: left;\">Pour revoir le programme 2021-2022<br \/>\n&#8211;&gt; <a href=\"https:\/\/crehange-country-dance.fr\/?p=1848\" target=\"_blank\" rel=\"noopener\">Cliquez ICI<\/a><\/p>\n<hr \/>\n<p style=\"text-align: left;\">Pour revoir le programme 2020-2021<br \/>\n&#8211;&gt; <a href=\"http:\/\/crehange-country-dance.fr\/?p=1270\" target=\"_blank\" rel=\"noopener noreferrer\">Cliquez ICI<\/a><\/p>\n<hr \/>\n<p style=\"text-align: left;\">Pour revoir le programme 2019-2020<br \/>\n&#8211;&gt; <a href=\"http:\/\/crehange-country-dance.fr\/?p=1327\" target=\"_blank\" rel=\"noopener noreferrer\">Cliquez ICI<\/a><\/p>\n<hr \/>\n<p style=\"text-align: left;\">Pour revoir le programme 2018-2019<br \/>\n&#8211;&gt; <a href=\"http:\/\/crehange-country-dance.fr\/?p=1087\" target=\"_blank\" rel=\"noopener\">Cliquez ICI<\/a><\/p>\n<\/div>\n<hr \/>\n<p style=\"text-align: left;\">Pour revoir le programme 2017-2018<br \/>\n&#8211;&gt; <a href=\"http:\/\/crehange-country-dance.fr\/?p=832\" target=\"_blank\" rel=\"noopener\">Cliquez ICI<\/a><\/p>\n<hr \/>\n<p style=\"text-align: left;\">Pour revoir le programme 2016-2017<br \/>\n&#8211;&gt; <a href=\"http:\/\/crehange-country-dance.fr\/?p=728\" target=\"_blank\" rel=\"noopener\">Cliquez ICI<\/a><\/p>\n<hr \/>\n<p style=\"text-align: left;\">Pour revoir le programme 2015-2016<br \/>\n&#8211;&gt; <a href=\"http:\/\/crehange-country-dance.fr\/?p=558\" target=\"_blank\" rel=\"noopener\">Cliquez ICI<\/a><\/p>\n<style>.dysaidehighlight{background-color:#ffce71 !important;color:#f51616 !important}<\/style>\n<p>\u00ab\u00a0&gt;<\/p>\n<style><\/style>\n<p>&nbsp;<\/p>\n<\/div><\/div>","protected":false},"excerpt":{"rendered":"<p>Programme 2025-2026 Cliquez sur le nom de la danse pour acc\u00e9der \u00e0 la vid\u00e9o et sur \u00ab\u00a0Chor\u00e9graphie\u00a0\u00bb pour afficher les explications au format PDF. Chor\u00e9graphies 1\u00e8re heure &#8212;&#8212;&#8212;&#8212;&#8212;&#8212;&#8212;&#8212;&#8212;&#8212;&#8212;&#8211; Chor\u00e9graphies 2\u00e8me heure &#8212;&#8212;&#8212;&#8212;&#8212;&#8212;&#8212;&#8212;&#8212;&#8212;&#8212;&#8211; 1. Hope Chor\u00e9graphie 1. Dancing all the way Chor\u00e9graphie 2. Small Town Girl Chor\u00e9graphie 2. Trois\u00a0Tequila Floor (cours) Chor\u00e9graphie 3. Cri cri Chor\u00e9graphie [&hellip;]<\/p>\n","protected":false},"author":1,"featured_media":0,"parent":0,"menu_order":0,"comment_status":"closed","ping_status":"closed","template":"","meta":[],"_links":{"self":[{"href":"https:\/\/crehange-country-dance.fr\/index.php?rest_route=\/wp\/v2\/pages\/151"}],"collection":[{"href":"https:\/\/crehange-country-dance.fr\/index.php?rest_route=\/wp\/v2\/pages"}],"about":[{"href":"https:\/\/crehange-country-dance.fr\/index.php?rest_route=\/wp\/v2\/types\/page"}],"author":[{"embeddable":true,"href":"https:\/\/crehange-country-dance.fr\/index.php?rest_route=\/wp\/v2\/users\/1"}],"replies":[{"embeddable":true,"href":"https:\/\/crehange-country-dance.fr\/index.php?rest_route=%2Fwp%2Fv2%2Fcomments&post=151"}],"version-history":[{"count":297,"href":"https:\/\/crehange-country-dance.fr\/index.php?rest_route=\/wp\/v2\/pages\/151\/revisions"}],"predecessor-version":[{"id":1902,"href":"https:\/\/crehange-country-dance.fr\/index.php?rest_route=\/wp\/v2\/pages\/151\/revisions\/1902"}],"wp:attachment":[{"href":"https:\/\/crehange-country-dance.fr\/index.php?rest_route=%2Fwp%2Fv2%2Fmedia&parent=151"}],"curies":[{"name":"wp","href":"https:\/\/api.w.org\/{rel}","templated":true}]}}