{"id":68,"date":"2015-10-14T13:42:23","date_gmt":"2015-10-14T12:42:23","guid":{"rendered":"http:\/\/crehange-country-dance.fr\/?page_id=68"},"modified":"2026-02-13T13:10:56","modified_gmt":"2026-02-13T12:10:56","slug":"infos-club-adultes","status":"publish","type":"page","link":"https:\/\/crehange-country-dance.fr\/?page_id=68","title":{"rendered":"Infos club adultes"},"content":{"rendered":"<div class=\"pf-content\"><div style=\"background-repeat: no-repeat;\"><p><strong>Horaires des cours<\/strong> : les jeudis<\/p>\n<ul>\n<li>de 19h \u00e0 20h : niveau d\u00e9butants<\/li>\n<li>de 20h \u00e0 21h : niveaux interm\u00e9diaires et confirm\u00e9s<\/li>\n<\/ul>\n<p><strong>Tarifs<\/strong> :<\/p>\n<ul>\n<li>45 \u20ac \/ personne \/ an<\/li>\n<li>80 \u20ac \/ pour un couple \/ an<\/li>\n<\/ul>\n<p><strong>Animatrices :<\/strong><\/p>\n<p>Les cours sont assur\u00e9s avec p\u00e9dagogie et bonne humeur par Th\u00e9r\u00e8se et St\u00e9phanie.<\/p>\n<p><strong>Lieu :<\/strong><\/p>\n<p>Dans la grande salle du Centre Social de Cr\u00e9anto<br \/>\n4 Rue de Metz 57690 CREHANGE<\/p>\n<p><a href=\"http:\/\/crehange-country-dance.fr\/wp-content\/uploads\/2015\/10\/Carte-localisation-Cr\u00e9anto.jpg\"><img loading=\"lazy\" class=\"aligncenter size-full wp-image-93\" src=\"http:\/\/crehange-country-dance.fr\/wp-content\/uploads\/2015\/10\/Carte-localisation-Cr\u00e9anto.jpg\" alt=\"Carte-localisation-Cr\u00e9anto\" width=\"859\" height=\"654\" srcset=\"https:\/\/crehange-country-dance.fr\/wp-content\/uploads\/2015\/10\/Carte-localisation-Cr\u00e9anto.jpg 859w, https:\/\/crehange-country-dance.fr\/wp-content\/uploads\/2015\/10\/Carte-localisation-Cr\u00e9anto-300x228.jpg 300w\" sizes=\"(max-width: 859px) 100vw, 859px\" \/><\/a><\/p>\n<\/div><\/div>","protected":false},"excerpt":{"rendered":"<p>Horaires des cours : les jeudis de 19h \u00e0 20h : niveau d\u00e9butants de 20h \u00e0 21h : niveaux interm\u00e9diaires et confirm\u00e9s Tarifs : 45 \u20ac \/ personne \/ an 80 \u20ac \/ pour un couple \/ an Animatrices : Les cours sont assur\u00e9s avec p\u00e9dagogie et bonne humeur par Th\u00e9r\u00e8se et St\u00e9phanie. Lieu : [&hellip;]<\/p>\n","protected":false},"author":1,"featured_media":0,"parent":0,"menu_order":0,"comment_status":"closed","ping_status":"closed","template":"","meta":[],"_links":{"self":[{"href":"https:\/\/crehange-country-dance.fr\/index.php?rest_route=\/wp\/v2\/pages\/68"}],"collection":[{"href":"https:\/\/crehange-country-dance.fr\/index.php?rest_route=\/wp\/v2\/pages"}],"about":[{"href":"https:\/\/crehange-country-dance.fr\/index.php?rest_route=\/wp\/v2\/types\/page"}],"author":[{"embeddable":true,"href":"https:\/\/crehange-country-dance.fr\/index.php?rest_route=\/wp\/v2\/users\/1"}],"replies":[{"embeddable":true,"href":"https:\/\/crehange-country-dance.fr\/index.php?rest_route=%2Fwp%2Fv2%2Fcomments&post=68"}],"version-history":[{"count":14,"href":"https:\/\/crehange-country-dance.fr\/index.php?rest_route=\/wp\/v2\/pages\/68\/revisions"}],"predecessor-version":[{"id":1884,"href":"https:\/\/crehange-country-dance.fr\/index.php?rest_route=\/wp\/v2\/pages\/68\/revisions\/1884"}],"wp:attachment":[{"href":"https:\/\/crehange-country-dance.fr\/index.php?rest_route=%2Fwp%2Fv2%2Fmedia&parent=68"}],"curies":[{"name":"wp","href":"https:\/\/api.w.org\/{rel}","templated":true}]}}