{"id":74,"date":"2015-10-14T13:45:28","date_gmt":"2015-10-14T12:45:28","guid":{"rendered":"http:\/\/crehange-country-dance.fr\/?page_id=74"},"modified":"2026-02-13T14:59:54","modified_gmt":"2026-02-13T13:59:54","slug":"agenda","status":"publish","type":"page","link":"https:\/\/crehange-country-dance.fr\/?page_id=74","title":{"rendered":"Agenda"},"content":{"rendered":"<div class=\"pf-content\"><div style=\"background-repeat: no-repeat;\"><p>Parmi les projets de cette nouvelle saison :<\/p>\n<ul>\n<li>d\u00e9fil\u00e9 de Saint-Nicolas<\/li>\n<li>go\u00fbter de No\u00ebl<\/li>\n<li>galette des rois<\/li>\n<li>carnaval<\/li>\n<li>feux de l&rsquo;\u00e9t\u00e9<\/li>\n<li>soir\u00e9e pizzas&#8230;<\/li>\n<\/ul>\n<p>&#8230; et l&rsquo;organisation d&rsquo;un nouveau th\u00e9 dansant country : <strong>4 avril 2027<\/strong><\/p>\n<\/div><\/div>","protected":false},"excerpt":{"rendered":"<p>Parmi les projets de cette nouvelle saison : d\u00e9fil\u00e9 de Saint-Nicolas go\u00fbter de No\u00ebl galette des rois carnaval feux de l&rsquo;\u00e9t\u00e9 soir\u00e9e pizzas&#8230; &#8230; et l&rsquo;organisation d&rsquo;un nouveau th\u00e9 dansant country : 4 avril 2027<\/p>\n","protected":false},"author":1,"featured_media":0,"parent":0,"menu_order":0,"comment_status":"closed","ping_status":"closed","template":"","meta":[],"_links":{"self":[{"href":"https:\/\/crehange-country-dance.fr\/index.php?rest_route=\/wp\/v2\/pages\/74"}],"collection":[{"href":"https:\/\/crehange-country-dance.fr\/index.php?rest_route=\/wp\/v2\/pages"}],"about":[{"href":"https:\/\/crehange-country-dance.fr\/index.php?rest_route=\/wp\/v2\/types\/page"}],"author":[{"embeddable":true,"href":"https:\/\/crehange-country-dance.fr\/index.php?rest_route=\/wp\/v2\/users\/1"}],"replies":[{"embeddable":true,"href":"https:\/\/crehange-country-dance.fr\/index.php?rest_route=%2Fwp%2Fv2%2Fcomments&post=74"}],"version-history":[{"count":16,"href":"https:\/\/crehange-country-dance.fr\/index.php?rest_route=\/wp\/v2\/pages\/74\/revisions"}],"predecessor-version":[{"id":1891,"href":"https:\/\/crehange-country-dance.fr\/index.php?rest_route=\/wp\/v2\/pages\/74\/revisions\/1891"}],"wp:attachment":[{"href":"https:\/\/crehange-country-dance.fr\/index.php?rest_route=%2Fwp%2Fv2%2Fmedia&parent=74"}],"curies":[{"name":"wp","href":"https:\/\/api.w.org\/{rel}","templated":true}]}}