{"id":76,"date":"2015-10-14T13:45:46","date_gmt":"2015-10-14T12:45:46","guid":{"rendered":"http:\/\/crehange-country-dance.fr\/?page_id=76"},"modified":"2026-02-13T13:19:21","modified_gmt":"2026-02-13T12:19:21","slug":"programmes-demos","status":"publish","type":"page","link":"https:\/\/crehange-country-dance.fr\/?page_id=76","title":{"rendered":"Programme d\u00e9mos"},"content":{"rendered":"<div class=\"pf-content\"><div style=\"background-repeat: no-repeat;\"><p><strong>Animation avec diff\u00e9rents clubs le 21\/06\/25 au relais de Han sur Nied<br \/>\n<\/strong><a href=\"https:\/\/crehange-country-dance.fr\/?p=1814\" target=\"_blank\" rel=\"noopener\">https:\/\/crehange-country-dance.fr\/?p=1814<\/a><strong><br \/>\n<\/strong><\/p>\n<p><strong>Vid\u00e9os des feux de l&rsquo;\u00e9t\u00e9 2025<br \/>\n<\/strong><a href=\"https:\/\/crehange-country-dance.fr\/?p=1808\" target=\"_blank\" rel=\"noopener\">https:\/\/crehange-country-dance.fr\/?p=1808<\/a><strong><br \/>\n<\/strong><\/p>\n<p style=\"text-align: left;\"><strong>Derni\u00e8re D\u00e9mo enfants r\u00e9alis\u00e9e<\/strong> :<br \/>\nA la maison de retraite \u00ab\u00a0Les Ch\u00eanes\u00a0\u00bb \u00e0 Cr\u00e9hange.<\/p>\n<p style=\"text-align: center;\"><a href=\"http:\/\/crehange-country-dance.fr\/wp-content\/uploads\/2015\/10\/\u00e0-la-maison-de-retraite-le-11-05-16.jpg\"><img loading=\"lazy\" class=\"size-full wp-image-478 aligncenter\" src=\"http:\/\/crehange-country-dance.fr\/wp-content\/uploads\/2015\/10\/\u00e0-la-maison-de-retraite-le-11-05-16.jpg\" alt=\"\u00e0 la maison de retraite le 11-05-16\" width=\"567\" height=\"487\" srcset=\"https:\/\/crehange-country-dance.fr\/wp-content\/uploads\/2015\/10\/\u00e0-la-maison-de-retraite-le-11-05-16.jpg 567w, https:\/\/crehange-country-dance.fr\/wp-content\/uploads\/2015\/10\/\u00e0-la-maison-de-retraite-le-11-05-16-300x258.jpg 300w\" sizes=\"(max-width: 567px) 100vw, 567px\" \/><\/a><\/p>\n<p style=\"text-align: center;\"><strong>Notre ancien programme D\u00e9mo<\/strong><\/p>\n<div align=\"center\">\n<table border=\"0\" width=\"50%\">\n<tbody>\n<tr>\n<td style=\"text-align: center;\"><strong>Entr\u00e9e<\/strong> : Cotton Eye Joe<\/td>\n<td style=\"text-align: center;\"><strong>5<\/strong> : Louisiana street<\/td>\n<\/tr>\n<tr>\n<td style=\"text-align: center;\"><strong>1<\/strong> : 1976<\/td>\n<td style=\"text-align: center;\"><strong>6<\/strong> : Billy be bad<\/td>\n<\/tr>\n<tr>\n<td style=\"text-align: center;\"><strong>2<\/strong> : Shore thing<\/td>\n<td style=\"text-align: center;\"><strong>7<\/strong> : Baby Belle<\/td>\n<\/tr>\n<tr>\n<td style=\"text-align: center;\"><strong>3<\/strong> : Tall, tall trees<\/td>\n<td style=\"text-align: center;\"><strong>8<\/strong> : Irish stew<\/td>\n<\/tr>\n<tr>\n<td style=\"text-align: center;\"><strong>4<\/strong> : Chica boom, boom<\/td>\n<td style=\"text-align: center;\">\u00a0<strong>Sortie<\/strong> : Cotton Eye Joe<\/td>\n<\/tr>\n<\/tbody>\n<\/table>\n<\/div>\n<p>&nbsp;<\/p>\n<p>&nbsp;<\/p>\n<\/div><\/div>","protected":false},"excerpt":{"rendered":"<p>Animation avec diff\u00e9rents clubs le 21\/06\/25 au relais de Han sur Nied https:\/\/crehange-country-dance.fr\/?p=1814 Vid\u00e9os des feux de l&rsquo;\u00e9t\u00e9 2025 https:\/\/crehange-country-dance.fr\/?p=1808 Derni\u00e8re D\u00e9mo enfants r\u00e9alis\u00e9e : A la maison de retraite \u00ab\u00a0Les Ch\u00eanes\u00a0\u00bb \u00e0 Cr\u00e9hange. Notre ancien programme D\u00e9mo Entr\u00e9e : Cotton Eye Joe 5 : Louisiana street 1 : 1976 6 : Billy be bad [&hellip;]<\/p>\n","protected":false},"author":1,"featured_media":0,"parent":0,"menu_order":0,"comment_status":"closed","ping_status":"closed","template":"","meta":[],"_links":{"self":[{"href":"https:\/\/crehange-country-dance.fr\/index.php?rest_route=\/wp\/v2\/pages\/76"}],"collection":[{"href":"https:\/\/crehange-country-dance.fr\/index.php?rest_route=\/wp\/v2\/pages"}],"about":[{"href":"https:\/\/crehange-country-dance.fr\/index.php?rest_route=\/wp\/v2\/types\/page"}],"author":[{"embeddable":true,"href":"https:\/\/crehange-country-dance.fr\/index.php?rest_route=\/wp\/v2\/users\/1"}],"replies":[{"embeddable":true,"href":"https:\/\/crehange-country-dance.fr\/index.php?rest_route=%2Fwp%2Fv2%2Fcomments&post=76"}],"version-history":[{"count":21,"href":"https:\/\/crehange-country-dance.fr\/index.php?rest_route=\/wp\/v2\/pages\/76\/revisions"}],"predecessor-version":[{"id":1889,"href":"https:\/\/crehange-country-dance.fr\/index.php?rest_route=\/wp\/v2\/pages\/76\/revisions\/1889"}],"wp:attachment":[{"href":"https:\/\/crehange-country-dance.fr\/index.php?rest_route=%2Fwp%2Fv2%2Fmedia&parent=76"}],"curies":[{"name":"wp","href":"https:\/\/api.w.org\/{rel}","templated":true}]}}