{"id":78,"date":"2018-10-15T15:39:56","date_gmt":"2018-10-15T14:39:56","guid":{"rendered":"http:\/\/crehange-country-dance.fr\/?page_id=78"},"modified":"2026-02-13T14:59:30","modified_gmt":"2026-02-13T13:59:30","slug":"comite","status":"publish","type":"page","link":"https:\/\/crehange-country-dance.fr\/?page_id=78","title":{"rendered":"Comit\u00e9"},"content":{"rendered":"<div class=\"pf-content\"><div style=\"background-repeat: no-repeat;\"><p style=\"text-align: center;\"><a href=\"http:\/\/crehange-country-dance.fr\/wp-content\/uploads\/2026\/02\/Comite-2025-2026-1.jpg\"><img loading=\"lazy\" class=\"aligncenter size-large wp-image-1876\" src=\"http:\/\/crehange-country-dance.fr\/wp-content\/uploads\/2026\/02\/Comite-2025-2026-1-1024x590.jpg\" alt=\"\" width=\"640\" height=\"369\" srcset=\"https:\/\/crehange-country-dance.fr\/wp-content\/uploads\/2026\/02\/Comite-2025-2026-1-1024x590.jpg 1024w, https:\/\/crehange-country-dance.fr\/wp-content\/uploads\/2026\/02\/Comite-2025-2026-1-300x173.jpg 300w, https:\/\/crehange-country-dance.fr\/wp-content\/uploads\/2026\/02\/Comite-2025-2026-1-768x443.jpg 768w, https:\/\/crehange-country-dance.fr\/wp-content\/uploads\/2026\/02\/Comite-2025-2026-1-1536x885.jpg 1536w, https:\/\/crehange-country-dance.fr\/wp-content\/uploads\/2026\/02\/Comite-2025-2026-1.jpg 1858w\" sizes=\"(max-width: 640px) 100vw, 640px\" \/><\/a><\/p>\n<p style=\"text-align: center;\"><strong>Liste des membres \u00e9lus au comit\u00e9 de direction<\/strong><br \/>\n<strong>(Ann\u00e9e 2025 &#8211; 2026)<\/strong><\/p>\n<p style=\"text-align: center;\"><em>Pr\u00e9sidente<\/em> : DORRMANN St\u00e9phanie<\/p>\n<p style=\"text-align: center;\"><em>Vice-pr\u00e9sidente<\/em> : FODCZUK Alice<\/p>\n<p style=\"text-align: center;\"><em>Secr\u00e9taire<\/em> : GIL Th\u00e9r\u00e8se<\/p>\n<p style=\"text-align: center;\"><em>Tr\u00e9sori\u00e8re<\/em> : HOUE Sylvie<\/p>\n<p style=\"text-align: center;\"><em>Assesseur<\/em> : HOLLECKER Elisabeth<\/p>\n<p style=\"text-align: center;\"><em>Assesseur<\/em> : DUBOIS Ginette<\/p>\n<p style=\"text-align: center;\"><em>Assesseur et pr\u00e9sidente d&rsquo;honneur<\/em> : PILMES Brigitte<\/p>\n<\/div><\/div>","protected":false},"excerpt":{"rendered":"<p>Liste des membres \u00e9lus au comit\u00e9 de direction (Ann\u00e9e 2025 &#8211; 2026) Pr\u00e9sidente : DORRMANN St\u00e9phanie Vice-pr\u00e9sidente : FODCZUK Alice Secr\u00e9taire : GIL Th\u00e9r\u00e8se Tr\u00e9sori\u00e8re : HOUE Sylvie Assesseur : HOLLECKER Elisabeth Assesseur : DUBOIS Ginette Assesseur et pr\u00e9sidente d&rsquo;honneur : PILMES Brigitte<\/p>\n","protected":false},"author":1,"featured_media":0,"parent":0,"menu_order":0,"comment_status":"closed","ping_status":"closed","template":"","meta":[],"_links":{"self":[{"href":"https:\/\/crehange-country-dance.fr\/index.php?rest_route=\/wp\/v2\/pages\/78"}],"collection":[{"href":"https:\/\/crehange-country-dance.fr\/index.php?rest_route=\/wp\/v2\/pages"}],"about":[{"href":"https:\/\/crehange-country-dance.fr\/index.php?rest_route=\/wp\/v2\/types\/page"}],"author":[{"embeddable":true,"href":"https:\/\/crehange-country-dance.fr\/index.php?rest_route=\/wp\/v2\/users\/1"}],"replies":[{"embeddable":true,"href":"https:\/\/crehange-country-dance.fr\/index.php?rest_route=%2Fwp%2Fv2%2Fcomments&post=78"}],"version-history":[{"count":15,"href":"https:\/\/crehange-country-dance.fr\/index.php?rest_route=\/wp\/v2\/pages\/78\/revisions"}],"predecessor-version":[{"id":1890,"href":"https:\/\/crehange-country-dance.fr\/index.php?rest_route=\/wp\/v2\/pages\/78\/revisions\/1890"}],"wp:attachment":[{"href":"https:\/\/crehange-country-dance.fr\/index.php?rest_route=%2Fwp%2Fv2%2Fmedia&parent=78"}],"curies":[{"name":"wp","href":"https:\/\/api.w.org\/{rel}","templated":true}]}}